{"id":3235,"date":"2023-09-01T13:40:09","date_gmt":"2023-09-01T11:40:09","guid":{"rendered":"https:\/\/krs-adwokaci.pl\/cookies-policy\/"},"modified":"2023-10-09T17:15:27","modified_gmt":"2023-10-09T15:15:27","slug":"cookies-policy","status":"publish","type":"page","link":"https:\/\/krs-adwokaci.pl\/en\/cookies-policy\/","title":{"rendered":"Cookies policy"},"content":{"rendered":"\t\t<div data-elementor-type=\"wp-page\" data-elementor-id=\"3235\" class=\"elementor elementor-3235 elementor-3056\" data-elementor-post-type=\"page\">\n\t\t\t\t\t\t\t\t\t<section class=\"elementor-section elementor-top-section elementor-element elementor-element-7320bc6f elementor-section-boxed elementor-section-height-default elementor-section-height-default\" data-id=\"7320bc6f\" data-element_type=\"section\">\n\t\t\t\t\t\t<div class=\"elementor-container elementor-column-gap-default\">\n\t\t\t\t\t<div class=\"elementor-column elementor-col-100 elementor-top-column elementor-element elementor-element-59924aea\" data-id=\"59924aea\" data-element_type=\"column\">\n\t\t\t<div class=\"elementor-widget-wrap elementor-element-populated\">\n\t\t\t\t\t\t\t\t<div class=\"elementor-element elementor-element-756d25ad elementor-widget elementor-widget-text-editor\" data-id=\"756d25ad\" data-element_type=\"widget\" data-widget_type=\"text-editor.default\">\n\t\t\t\t<div class=\"elementor-widget-container\">\n\t\t\t<style>\/*! elementor - v3.14.0 - 26-06-2023 *\/\n.elementor-widget-text-editor.elementor-drop-cap-view-stacked .elementor-drop-cap{background-color:#69727d;color:#fff}.elementor-widget-text-editor.elementor-drop-cap-view-framed .elementor-drop-cap{color:#69727d;border:3px solid;background-color:transparent}.elementor-widget-text-editor:not(.elementor-drop-cap-view-default) .elementor-drop-cap{margin-top:8px}.elementor-widget-text-editor:not(.elementor-drop-cap-view-default) .elementor-drop-cap-letter{width:1em;height:1em}.elementor-widget-text-editor .elementor-drop-cap{float:left;text-align:center;line-height:1;font-size:50px}.elementor-widget-text-editor .elementor-drop-cap-letter{display:inline-block}<\/style>\t\t\t\t<p data-mce-style=\"text-align: justify;\" style=\"caret-color: rgb(51, 51, 51); color: rgb(51, 51, 51); font-family: Georgia, \"Times New Roman\", \"Bitstream Charter\", Times, serif; text-align: justify;\">This website uses cookies, which are saved on the hard drive of the user&#8217;s end device. Cookies are collected for the purpose of creating statistics, which are used for optimizing and modifying the website and its tools to better adapt to user needs, such as language version suitable for the user. You can find detailed information about cookies in the cookie policy. Blocking the storage of cookies on your end device or their removal is possible after configuring the settings of your web browser accordingly. For more information on blocking and deleting cookies, please refer to the cookie policy. Blocking the ability to save cookies may result in difficulties or the non-functioning of some website features. Failure to change the settings of your web browser to block the storage of cookies is equivalent to consenting to their storage.<\/p>\n<p data-mce-style=\"text-align: justify;\" style=\"caret-color: rgb(51, 51, 51); color: rgb(51, 51, 51); font-family: Georgia, \"Times New Roman\", \"Bitstream Charter\", Times, serif; text-align: justify;\"><b>Polityka cookie<\/b><\/p>\n<p data-mce-style=\"text-align: justify;\" style=\"caret-color: rgb(51, 51, 51); color: rgb(51, 51, 51); font-family: Georgia, \"Times New Roman\", \"Bitstream Charter\", Times, serif; text-align: justify;\">The administrators of cookies &nbsp;are: KRS KANCELARIA P. KA\u0179MIERCZAK-KAPU\u015aCI\u0143SKA T. WOJDAL SP\u00d3\u0141KA KOMANDYTOWO-AKCYJNA ul. Targowa 35, 90-043 \u0141\u00f3d\u017a, KRS: 0000958885, REGON: 368296952, NIP: 7282822448. referred to as &#8220;Administrators&#8221;). The policy of the Administrators regarding cookies:<\/p>\n<p data-mce-style=\"text-align: justify;\" style=\"caret-color: rgb(51, 51, 51); color: rgb(51, 51, 51); font-family: Georgia, \"Times New Roman\", \"Bitstream Charter\", Times, serif; text-align: justify;\">1. What is a cookie file?<br \/>A cookie file (or cookie) is a text file sent by websites and stored on a user&#8217;s device. The website does not have access to other files on the user&#8217;s device. The content of cookies does not allow for the identification of the user. Cookies typically contain the name of the website they originate from, the duration of their storage on the end device, and a unique number.<\/p>\n<p data-mce-style=\"text-align: justify;\" style=\"caret-color: rgb(51, 51, 51); color: rgb(51, 51, 51); font-family: Georgia, \"Times New Roman\", \"Bitstream Charter\", Times, serif; text-align: justify;\">2. The website of the Administrators uses cookie files for:<br \/>\u2022 &nbsp;for the purpose of creating statistics, which are used to optimize and modify the website to better suit the needs of users (Google Analytics).<br \/>\u2022 &nbsp;to determine the user&#8217;s location for the purpose of adapting the language version of the website.<\/p>\n<p data-mce-style=\"text-align: justify;\" style=\"caret-color: rgb(51, 51, 51); color: rgb(51, 51, 51); font-family: Georgia, \"Times New Roman\", \"Bitstream Charter\", Times, serif; text-align: justify;\">3. Types of cookie files:<\/p>\n<p data-mce-style=\"text-align: justify;\" style=\"caret-color: rgb(51, 51, 51); color: rgb(51, 51, 51); font-family: Georgia, \"Times New Roman\", \"Bitstream Charter\", Times, serif; text-align: justify;\">The website of the Administrators uses the following types of cookies:<br \/>\u2022 Session cookies &#8211; these are temporary and remain on the user&#8217;s device until they leave the website or close the software (web browser).<br \/>\u2022 Persistent cookies &#8211; they are stored on the user&#8217;s device for a specific period as defined in the file&#8217;s parameters or until manually deleted by the user.<\/p>\n<p data-mce-style=\"text-align: justify;\" style=\"caret-color: rgb(51, 51, 51); color: rgb(51, 51, 51); font-family: Georgia, \"Times New Roman\", \"Bitstream Charter\", Times, serif; text-align: justify;\">4. The Administrators utilize the following types of cookies:<br \/>a) a cookie displaying the appropriate language version of the website.<\/p>\n<p data-mce-style=\"text-align: justify;\" style=\"caret-color: rgb(51, 51, 51); color: rgb(51, 51, 51); font-family: Georgia, \"Times New Roman\", \"Bitstream Charter\", Times, serif; text-align: justify;\">5) Most web browsing software (web browsers) typically allows the storage of cookies on the user&#8217;s end device by default. Users can change their browser settings regarding cookies at any time. These settings can be changed, in particular, to block the automatic handling of cookies in the web browser&#8217;s settings or to receive notifications about their placement on the user&#8217;s device each time. Detailed information about the options and methods for managing cookies is available in the software settings.<\/p>\n<p data-mce-style=\"text-align: justify;\" style=\"caret-color: rgb(51, 51, 51); color: rgb(51, 51, 51); font-family: Georgia, \"Times New Roman\", \"Bitstream Charter\", Times, serif; text-align: justify;\">6) Browser settings regarding cookies can be changed using:<\/p>\n<ol data-mce-style=\"text-align: justify;\" style=\"font-size: 16px; caret-color: rgb(51, 51, 51); color: rgb(51, 51, 51); font-family: Georgia, \"Times New Roman\", \"Bitstream Charter\", Times, serif; background-color: rgb(255, 255, 255); text-align: justify;\"><\/ol>\n<ul>\n<li><a href=\"http:\/\/support.mozilla.org\/pl\/kb\/W%25C5%2582%25C4%2585czanie%2520i%2520wy%25C5%2582%25C4%2585czanie%2520obs%25C5%2582ugi%2520ciasteczek\" data-mce-href=\"http:\/\/support.mozilla.org\/pl\/kb\/W%25C5%2582%25C4%2585czanie%2520i%2520wy%25C5%2582%25C4%2585czanie%2520obs%25C5%2582ugi%2520ciasteczek\">Check for the Firefox browser.<\/a><\/li>\n<li><a href=\"http:\/\/support.google.com\/chrome\/bin\/answer.py?hl=pl&amp;answer=95647\" data-mce-href=\"http:\/\/support.google.com\/chrome\/bin\/answer.py?hl=pl&amp;answer=95647\">check for the Chrome browser<\/a><\/li>\n<li><a href=\"http:\/\/windows.microsoft.com\/pl-pl\/windows7\/block-enable-or-allow-cookies\" data-mce-href=\"http:\/\/windows.microsoft.com\/pl-pl\/windows7\/block-enable-or-allow-cookies\">check for the Internet Explorer browser<\/a><\/li>\n<\/ul>\n<p data-mce-style=\"text-align: justify;\" style=\"caret-color: rgb(51, 51, 51); color: rgb(51, 51, 51); font-family: Georgia, \"Times New Roman\", \"Bitstream Charter\", Times, serif; text-align: justify;\">7) The Administrators inform that restrictions on the use of cookies may impact some functionalities available on the website.<\/p>\n\t\t\t\t\t\t<\/div>\n\t\t\t\t<\/div>\n\t\t\t\t\t<\/div>\n\t\t<\/div>\n\t\t\t\t\t\t\t<\/div>\n\t\t<\/section>\n\t\t\t\t\t\t\t<\/div>\n\t\t","protected":false},"excerpt":{"rendered":"<p>This website uses cookies, which are saved on the hard drive of the user&#8217;s end device. Cookies are collected for the purpose of creating statistics, which are used for optimizing and modifying the website and its tools to better adapt to user needs, such as language version suitable for the user. You can find detailed [&hellip;]<\/p>\n","protected":false},"author":1,"featured_media":0,"parent":0,"menu_order":0,"comment_status":"closed","ping_status":"closed","template":"","meta":{"om_disable_all_campaigns":false,"_monsterinsights_skip_tracking":false,"_monsterinsights_sitenote_active":false,"_monsterinsights_sitenote_note":"","_monsterinsights_sitenote_category":0,"footnotes":""},"class_list":["post-3235","page","type-page","status-publish","hentry"],"aioseo_notices":[],"_links":{"self":[{"href":"https:\/\/krs-adwokaci.pl\/en\/wp-json\/wp\/v2\/pages\/3235","targetHints":{"allow":["GET"]}}],"collection":[{"href":"https:\/\/krs-adwokaci.pl\/en\/wp-json\/wp\/v2\/pages"}],"about":[{"href":"https:\/\/krs-adwokaci.pl\/en\/wp-json\/wp\/v2\/types\/page"}],"author":[{"embeddable":true,"href":"https:\/\/krs-adwokaci.pl\/en\/wp-json\/wp\/v2\/users\/1"}],"replies":[{"embeddable":true,"href":"https:\/\/krs-adwokaci.pl\/en\/wp-json\/wp\/v2\/comments?post=3235"}],"version-history":[{"count":1,"href":"https:\/\/krs-adwokaci.pl\/en\/wp-json\/wp\/v2\/pages\/3235\/revisions"}],"predecessor-version":[{"id":3236,"href":"https:\/\/krs-adwokaci.pl\/en\/wp-json\/wp\/v2\/pages\/3235\/revisions\/3236"}],"wp:attachment":[{"href":"https:\/\/krs-adwokaci.pl\/en\/wp-json\/wp\/v2\/media?parent=3235"}],"curies":[{"name":"wp","href":"https:\/\/api.w.org\/{rel}","templated":true}]}}